{"id":418,"date":"2017-09-11T20:24:02","date_gmt":"2017-09-11T20:24:02","guid":{"rendered":"http:\/\/wp.tisztasor.com\/?page_id=418"},"modified":"2023-05-01T09:08:25","modified_gmt":"2023-05-01T08:08:25","slug":"kerj-segitseget","status":"publish","type":"page","link":"https:\/\/tisztasor.com\/index.php\/kerj-segitseget\/","title":{"rendered":"K\u00e9rj seg\u00edts\u00e9get!"},"content":{"rendered":"<div id=\"pl-418\"  class=\"panel-layout\" ><div id=\"pg-418-0\"  class=\"panel-grid panel-has-style\" ><div class=\"siteorigin-panels-stretch panel-row-style panel-row-style-for-418-0\" style=\"padding: 100px 0; \" data-stretch-type=\"full-stretched\" data-overlay=\"true\" data-overlay-color=\"#000000\" ><div id=\"pgc-418-0-0\"  class=\"panel-grid-cell\" ><div id=\"panel-418-0-0-0\" class=\"so-panel widget widget_black-studio-tinymce widget_black_studio_tinymce panel-first-child panel-last-child\" data-index=\"0\" ><div style=\"text-align: left;\" data-title-color=\"#443f3f\" data-headings-color=\"#443f3f\" class=\"panel-widget-style panel-widget-style-for-418-0-0-0\" ><div class=\"textwidget\"><p><img loading=\"lazy\" decoding=\"async\" class=\"aligncenter wp-image-2175 size-full\" src=\"http:\/\/wp.tisztasor.com\/wp-content\/uploads\/2017\/09\/Fotolia_60600612_M-e1508148946924.jpg\" alt=\"\" width=\"800\" height=\"405\" \/><\/p>\n<p style=\"text-align: center;\"><span style=\"font-size: 36px;\">azaz <span style=\"font-size: 48px;\">GY<\/span>akran <span style=\"font-size: 48px;\">I<\/span>sm\u00e9telt <span style=\"font-size: 48px;\">K<\/span>\u00e9rd\u00e9sek<\/span><\/p>\n<\/div><\/div><\/div><\/div><\/div><\/div><div id=\"pg-418-1\"  class=\"panel-grid panel-has-style\" ><div class=\"siteorigin-panels-stretch mob-pad-0 panel-row-style panel-row-style-for-418-1\" style=\"border-bottom: 1px solid #ffffff;padding: 0px 0; \" data-stretch-type=\"full-stretched\" data-overlay=\"true\" data-overlay-color=\"#000000\" ><div id=\"pgc-418-1-0\"  class=\"panel-grid-cell\" ><div id=\"panel-418-1-0-0\" class=\"so-panel widget widget_sow-hero panel-first-child panel-last-child\" data-index=\"1\" ><div style=\"text-align: left;\" data-title-color=\"#443f3f\" data-headings-color=\"#443f3f\" class=\"panel-widget-style panel-widget-style-for-418-1-0-0\" ><div\n\t\t\t\n\t\t\tclass=\"so-widget-sow-hero so-widget-sow-hero-default-972f06141677-418 so-widget-fittext-wrapper\"\n\t\t\t\n\t\t>\t\t\t\t<div class=\"sow-slider-base\" style=\"display: none\" tabindex=\"0\">\n\t\t\t\t\t<ul\n\t\t\t\t\tclass=\"sow-slider-images\"\n\t\t\t\t\tdata-settings=\"{&quot;pagination&quot;:true,&quot;speed&quot;:800,&quot;timeout&quot;:8000,&quot;paused&quot;:false,&quot;pause_on_hover&quot;:false,&quot;swipe&quot;:false,&quot;nav_always_show_desktop&quot;:&quot;&quot;,&quot;nav_always_show_mobile&quot;:&quot;&quot;,&quot;breakpoint&quot;:&quot;780px&quot;,&quot;unmute&quot;:false,&quot;anchor&quot;:null}\"\n\t\t\t\t\t\t\t\t\t\tdata-anchor-id=\"\"\n\t\t\t\t>\t\t<li class=\"sow-slider-image\" style=\"visibility: visible;;background-color: #000000\" >\n\t\t\t\t\t<div class=\"sow-slider-image-container\">\n\t\t\t<div class=\"sow-slider-image-wrapper\">\n\t\t\t\t<h4 style=\"text-align: center\"><span style=\"font-size: 36px;color: #ffffff\">Ezen az oldalon szakemberek v\u00e1laszoltak a feltett k\u00e9rd\u00e9sekre. <\/span><\/h4>\n<p style=\"text-align: center\"><span style=\"font-size: 24px;color: #ffffff\">N\u00e9zz k\u00f6r\u00fcl, \u00e9s ha m\u00e9gsem tal\u00e1lsz megfelel\u0151 v\u00e1laszt saj\u00e1t k\u00e9rd\u00e9sedre, b\u00e1tran \u00edrj nek\u00fcnk!\u00a0<\/span><\/p>\n<h4 style=\"text-align: center\"><span style=\"color: #ffffff;font-size: 14pt\"><div class=\"sow-hero-buttons\" ><div\n\t\t\t\n\t\t\tclass=\"so-widget-sow-button so-widget-sow-button-wire-96dc576e8be2\"\n\t\t\t\n\t\t><div class=\"ow-button-base ow-button-align-center\">\n\t<a\n\thref=\"#spu-1118\"\n\t\tclass=\"ow-icon-placement-left ow-button-hover\" \t>\n\t\t<span>\n\t\t\t\n\t\t\tInk\u00e1bb k\u00e9rdezn\u00e9k\t\t<\/span>\n\t<\/a>\n<\/div>\n<\/div><\/div><\/span><\/h4>\t\t\t<\/div>\n\t\t<\/div>\n\t\t\t\t<\/li>\n\t\t<\/ul>\t\t\t\t<ol class=\"sow-slider-pagination\">\n\t\t\t\t\t\t\t\t\t\t\t<li><a href=\"#\" data-goto=\"0\" aria-label=\"display slide 1\"><\/a><\/li>\n\t\t\t\t\t\t\t\t\t<\/ol>\n\n\t\t\t\t<div class=\"sow-slide-nav sow-slide-nav-next\">\n\t\t\t\t\t<a href=\"#\" data-goto=\"next\" aria-label=\"next slide\" data-action=\"next\">\n\t\t\t\t\t\t<em class=\"sow-sld-icon-thin-right\"><\/em>\n\t\t\t\t\t<\/a>\n\t\t\t\t<\/div>\n\n\t\t\t\t<div class=\"sow-slide-nav sow-slide-nav-prev\">\n\t\t\t\t\t<a href=\"#\" data-goto=\"previous\" aria-label=\"previous slide\" data-action=\"prev\">\n\t\t\t\t\t\t<em class=\"sow-sld-icon-thin-left\"><\/em>\n\t\t\t\t\t<\/a>\n\t\t\t\t<\/div>\n\t\t\t\t<\/div><\/div><\/div><\/div><\/div><\/div><\/div><div id=\"pg-418-2\"  class=\"panel-grid panel-has-style\" ><div class=\"hyphenate siteorigin-panels-stretch panel-row-style panel-row-style-for-418-2\" style=\"background-image: url(https:\/\/tisztasor.com\/wp-content\/uploads\/2017\/09\/recovery.jpg);padding: 100px 0; \" data-stretch-type=\"full-stretched-padded\" data-hasbg=\"hasbg\" data-overlay=\"true\" data-overlay-color=\"#000000\" ><div id=\"pgc-418-2-0\"  class=\"panel-grid-cell\" ><div id=\"panel-418-2-0-0\" class=\"so-panel widget widget_black-studio-tinymce widget_black_studio_tinymce panel-first-child panel-last-child\" data-index=\"2\" ><div style=\"text-align: left;\" data-title-color=\"#443f3f\" data-headings-color=\"#443f3f\" class=\"panel-widget-style panel-widget-style-for-418-2-0-0\" ><div class=\"textwidget\"><h1><span style=\"color: #0c9c90;\">K\u00e9rd\u00e9sed van? Szakemberek v\u00e1laszolnak.<\/span><\/h1>\n<h2><span style=\"color: #ffffff;\">N\u00e9zz k\u00f6r\u00fcl, \u00e9s ha m\u00e9gsem tal\u00e1lsz megfelel\u0151 v\u00e1laszt saj\u00e1t k\u00e9rd\u00e9sedre, b\u00e1tran \u00edrj nek\u00fcnk!\u00a0<\/span><\/h2>\n<p><span class=\"\" style=\"display:block;clear:both;height: 0px;padding-top: 20px;border-top-width:0px;border-bottom-width:0px;\"><\/span><\/p>\n<p><a class=\"maxbutton-8 maxbutton maxbutton-inkabb-kerdeznek\" target=\"_blank\" title=\"ink\u00e1bb k\u00e9rdezn\u00e9k\" rel=\"noopener\" href=\"\/index.php\/tedd-fel-kerdesedet\/\"><span class='mb-text'>INK\u00c1BB K\u00c9RDEZN\u00c9K<\/span><\/a><\/p>\n<p>&nbsp;<\/p>\n<\/div><\/div><\/div><\/div><\/div><\/div><div id=\"pg-418-3\"  class=\"panel-grid panel-has-style\" ><div style=\"padding: 0px 0; \" data-overlay=\"true\" data-overlay-color=\"#000000\" class=\"panel-row-style panel-row-style-for-418-3\" ><div id=\"pgc-418-3-0\"  class=\"panel-grid-cell\" ><div id=\"panel-418-3-0-0\" class=\"so-panel widget widget_sow-image panel-first-child panel-last-child\" data-index=\"3\" ><div style=\"text-align: left;\" data-title-color=\"#443f3f\" data-headings-color=\"#443f3f\" class=\"panel-widget-style panel-widget-style-for-418-3-0-0\" ><div\n\t\t\t\n\t\t\tclass=\"so-widget-sow-image so-widget-sow-image-default-dbf295114b96-418\"\n\t\t\t\n\t\t>\n\n<div class=\"sow-image-container\">\n\t\t<img loading=\"lazy\" decoding=\"async\" src=\"https:\/\/tisztasor.com\/wp-content\/uploads\/2017\/09\/recovery.jpg\" width=\"1620\" height=\"1080\" srcset=\"https:\/\/tisztasor.com\/wp-content\/uploads\/2017\/09\/recovery.jpg 1620w, https:\/\/tisztasor.com\/wp-content\/uploads\/2017\/09\/recovery-300x200.jpg 300w, https:\/\/tisztasor.com\/wp-content\/uploads\/2017\/09\/recovery-768x512.jpg 768w, https:\/\/tisztasor.com\/wp-content\/uploads\/2017\/09\/recovery-1024x683.jpg 1024w, https:\/\/tisztasor.com\/wp-content\/uploads\/2017\/09\/recovery-830x553.jpg 830w, https:\/\/tisztasor.com\/wp-content\/uploads\/2017\/09\/recovery-230x153.jpg 230w, https:\/\/tisztasor.com\/wp-content\/uploads\/2017\/09\/recovery-350x233.jpg 350w, https:\/\/tisztasor.com\/wp-content\/uploads\/2017\/09\/recovery-480x320.jpg 480w, https:\/\/tisztasor.com\/wp-content\/uploads\/2017\/09\/recovery-272x182.jpg 272w\" sizes=\"(max-width: 1620px) 100vw, 1620px\" alt=\"\" \t\tclass=\"so-widget-image\"\/>\n\t<\/div>\n\n<\/div><\/div><\/div><\/div><\/div><\/div><div id=\"pg-418-4\"  class=\"panel-grid panel-has-style\" ><div class=\"siteorigin-panels-stretch panel-row-style panel-row-style-for-418-4\" style=\"padding: 0px 0; \" data-stretch-type=\"full-stretched\" data-overlay=\"true\" data-overlay-color=\"#000000\" ><div id=\"pgc-418-4-0\"  class=\"panel-grid-cell\" ><div id=\"panel-418-4-0-0\" class=\"so-panel widget widget_black-studio-tinymce widget_black_studio_tinymce panel-first-child panel-last-child\" data-index=\"4\" ><div style=\"text-align: center;\" data-title-color=\"#443f3f\" data-headings-color=\"#443f3f\" class=\"panel-widget-style panel-widget-style-for-418-4-0-0\" ><div class=\"textwidget\"><p style=\"text-align: center;\"><span style=\"font-size: 28px; color: #ffffff;\">Ezen az oldalon szakemberek v\u00e1laszoltak a feltett k\u00e9rd\u00e9sekre.<\/span><\/p>\n<p style=\"text-align: center;\"><span style=\"color: #ffffff;\"><span style=\"font-size: 20px;\">N\u00e9zz k\u00f6r\u00fcl, \u00e9s ha m\u00e9gsem tal\u00e1lsz megfelel\u0151 v\u00e1laszt saj\u00e1t k\u00e9rd\u00e9sedre, b\u00e1tran \u00edrj nek<\/span><span style=\"font-size: 20px;\">\u00fcnk<\/span>!\u00a0<\/span><\/p>\n<p><span style=\"color: #008080;\"><span class=\"\" style=\"display:block;clear:both;height: 0px;padding-top: 20px;border-top-width:0px;border-bottom-width:0px;\"><\/span><\/span><\/p>\n<p style=\"text-align: center;\"><span style=\"color: #008080;\"><a class=\"maxbutton-8 maxbutton maxbutton-inkabb-kerdeznek\" target=\"_blank\" title=\"ink\u00e1bb k\u00e9rdezn\u00e9k\" rel=\"noopener\" href=\"\/index.php\/tedd-fel-kerdesedet\/\"><span class='mb-text'>INK\u00c1BB K\u00c9RDEZN\u00c9K<\/span><\/a><\/span><\/p>\n<p>\u00a0<\/p>\n<\/div><\/div><\/div><\/div><\/div><\/div><div id=\"pg-418-5\"  class=\"panel-grid panel-has-style\" ><div class=\"mob-pad-0 panel-row-style panel-row-style-for-418-5\" style=\"padding: 80px 0; \" data-overlay=\"true\" data-overlay-color=\"#000000\" ><div id=\"pgc-418-5-0\"  class=\"panel-grid-cell\" ><div id=\"panel-418-5-0-0\" class=\"so-panel widget widget_black-studio-tinymce widget_black_studio_tinymce panel-first-child panel-last-child\" data-index=\"5\" ><div style=\"text-align: left;\" data-title-color=\"#443f3f\" data-headings-color=\"#443f3f\" class=\"panel-widget-style panel-widget-style-for-418-5-0-0\" ><div class=\"textwidget\"><p><div class=\"pt-cv-wrapper\"><div class=\"pt-cv-view pt-cv-grid pt-cv-colsys\" id=\"pt-cv-view-559bf848vt\"><div data-id=\"pt-cv-page-1\" class=\"pt-cv-page\" data-cvc=\"2\"><div class=\"col-md-6 col-sm-6 col-xs-12 pt-cv-content-item pt-cv-1-col\" ><div class='pt-cv-ifield'><h4 class=\"pt-cv-title\"><a href=\"https:\/\/tisztasor.com\/index.php\/2020\/01\/04\/5986\/\" class=\"_blank\" target=\"_blank\" >4 h\u00f3napig eszembe se jutott&#8230;<\/a><\/h4>\n<div class=\"pt-cv-content\">Tavaly ny\u00e1ron \u00fagy d\u00f6nt\u00f6ttem, hogy Istennek tetsz\u0151 \u00e9letet akarok \u00e9lni. Kb 4 h\u00f3napig eszembe se jutott, hogy \u00f6nkiel\u00e9g\u00edt\u00e9st v\u00e9gezzek. De 4 h\u00f3nap ut\u00e1n volt, hogy megesett&#8230; Mostan\u00e1ban pedig sajnos el\u00e9g ...<br \/><div class=\"pt-cv-rmwrap\"><a href=\"https:\/\/tisztasor.com\/index.php\/2020\/01\/04\/5986\/\" class=\"_blank pt-cv-readmore btn btn-success\" target=\"_blank\">B\u0151vebben<\/a><\/div><\/div><\/div><\/div>\n<div class=\"col-md-6 col-sm-6 col-xs-12 pt-cv-content-item pt-cv-1-col\" ><div class='pt-cv-ifield'><h4 class=\"pt-cv-title\"><a href=\"https:\/\/tisztasor.com\/index.php\/2019\/11\/15\/melto-leszek-igy-a-hazassagra\/\" class=\"_blank\" target=\"_blank\" >M\u00e9lt\u00f3 leszek \u00edgy a h\u00e1zass\u00e1gra?<\/a><\/h4>\n<div class=\"pt-cv-content\">Hasonl\u00f3 probl\u00e9m\u00e1val szeretn\u00e9m megkeresni \u00d6n\u00f6ket, mint el\u0151ttem m\u00e1r azt sokan megtett\u00e9k. \u00c9n egy 41 \u00e9ves, egyed\u00fcl\u00e1ll\u00f3 f\u00e9rfi vagyok. Nem voltam n\u0151s, teh\u00e1t nem vagyok elv\u00e1lt \u00e9s eddig m\u00e9g nem volt ...<br \/><div class=\"pt-cv-rmwrap\"><a href=\"https:\/\/tisztasor.com\/index.php\/2019\/11\/15\/melto-leszek-igy-a-hazassagra\/\" class=\"_blank pt-cv-readmore btn btn-success\" target=\"_blank\">B\u0151vebben<\/a><\/div><\/div><\/div><\/div>\n<div class=\"col-md-6 col-sm-6 col-xs-12 pt-cv-content-item pt-cv-1-col\" ><div class='pt-cv-ifield'><h4 class=\"pt-cv-title\"><a href=\"https:\/\/tisztasor.com\/index.php\/2019\/11\/15\/5950\/\" class=\"_blank\" target=\"_blank\" >A r\u00e1m b\u00edzott munka szenvedi meg&#8230;<\/a><\/h4>\n<div class=\"pt-cv-content\">30 \u00e9ves f\u00e9rfi vagyok, hitemet gyakorlom. Nem vagyok n\u0151s, \u00e9s sz\u00e1nd\u00e9kom, hogy a n\u00e1sz\u00e9jszak\u00e1ig nem \u00e9lek nemi \u00e9letet. A porn\u00f3val kor\u00e1bban k\u00fczd\u00f6ttem, de azt Isten kegyelm\u00e9b\u0151l siker\u00fclt letennem. Az \u00f6nkiel\u00e9g\u00edt\u00e9s ...<br \/><div class=\"pt-cv-rmwrap\"><a href=\"https:\/\/tisztasor.com\/index.php\/2019\/11\/15\/5950\/\" class=\"_blank pt-cv-readmore btn btn-success\" target=\"_blank\">B\u0151vebben<\/a><\/div><\/div><\/div><\/div>\n<div class=\"col-md-6 col-sm-6 col-xs-12 pt-cv-content-item pt-cv-1-col\" ><div class='pt-cv-ifield'><h4 class=\"pt-cv-title\"><a href=\"https:\/\/tisztasor.com\/index.php\/2019\/11\/15\/miert-baj-az-onkielegites\/\" class=\"_blank\" target=\"_blank\" >Mi\u00e9rt baj az \u00f6nkiel\u00e9g\u00edt\u00e9s?<\/a><\/h4>\n<div class=\"pt-cv-content\">Nem a porn\u00f3ra gondolok, abb\u00f3l megj\u00f6ttem m\u00e1r r\u00e9g. Egy id\u0151ben v\u00e1gytam r\u00e1, de \u00e9reztem, hogy ez a v\u00e1gy rossz. Hamar megcs\u00f6m\u00f6rl\u00f6ttem benne \u00e9s elfordultam t\u0151le. Huszon\u00e9ve k\u00fczd\u00f6k az \u00f6nkiel\u00e9g\u00edt\u00e9ssel, porn\u00f3mentesen ...<br \/><div class=\"pt-cv-rmwrap\"><a href=\"https:\/\/tisztasor.com\/index.php\/2019\/11\/15\/miert-baj-az-onkielegites\/\" class=\"_blank pt-cv-readmore btn btn-success\" target=\"_blank\">B\u0151vebben<\/a><\/div><\/div><\/div><\/div>\n<div class=\"col-md-6 col-sm-6 col-xs-12 pt-cv-content-item pt-cv-1-col\" ><div class='pt-cv-ifield'><h4 class=\"pt-cv-title\"><a href=\"https:\/\/tisztasor.com\/index.php\/2019\/11\/15\/mi-segitene-hogy-ne-erezzem-az-onkielegites-hianyat\/\" class=\"_blank\" target=\"_blank\" >Mi seg\u00edtene, hogy ne \u00e9rezzem az \u00f6nkiel\u00e9g\u00edt\u00e9s hi\u00e1ny\u00e1t?<\/a><\/h4>\n<div class=\"pt-cv-content\">Mindig is tudtam, hogy az \u00f6nkiel\u00e9g\u00edt\u00e9s b\u0171n, de ennek ellen\u00e9re j\u00f3 \u00e9rz\u00e9ssel t\u00f6lt\u00f6tt el, amikor csin\u00e1ltam. Folyamatosan azon j\u00e1rt az agyam, m\u00e1r a kezdetekt\u0151l, hogyan hagyhatn\u00e1m h\u00e1tra ezt a cselekv\u00e9st, ...<br \/><div class=\"pt-cv-rmwrap\"><a href=\"https:\/\/tisztasor.com\/index.php\/2019\/11\/15\/mi-segitene-hogy-ne-erezzem-az-onkielegites-hianyat\/\" class=\"_blank pt-cv-readmore btn btn-success\" target=\"_blank\">B\u0151vebben<\/a><\/div><\/div><\/div><\/div>\n<div class=\"col-md-6 col-sm-6 col-xs-12 pt-cv-content-item pt-cv-1-col\" ><div class='pt-cv-ifield'><h4 class=\"pt-cv-title\"><a href=\"https:\/\/tisztasor.com\/index.php\/2018\/01\/12\/eldontottem-hogy-abbahagyom-a-pornozast-milyen-tunetekre-szamitsak-a-leszokas-folyamataban\/\" class=\"_blank\" target=\"_blank\" >Eld\u00f6nt\u00f6ttem, hogy abbahagyom a porn\u00f3z\u00e1st. Milyen t\u00fcnetekre sz\u00e1m\u00edtsak a leszok\u00e1s folyamat\u00e1ban?<\/a><\/h4>\n<div class=\"pt-cv-content\">M\u00e1r 5 hete annak, hogy eladtam a sz\u00e1m\u00edt\u00f3g\u00e9pemet (el kellett adnom), \u00e9s ezzel egy\u00fctt porn\u00f3t se n\u00e9ztem m\u00e1r 5 hete. Van egy ipad-em, amit nagyszer\u0171 websz\u0171r\u0151vel l\u00e1ttam el, viszont n\u00e9ha ...<br \/><div class=\"pt-cv-rmwrap\"><a href=\"https:\/\/tisztasor.com\/index.php\/2018\/01\/12\/eldontottem-hogy-abbahagyom-a-pornozast-milyen-tunetekre-szamitsak-a-leszokas-folyamataban\/\" class=\"_blank pt-cv-readmore btn btn-success\" target=\"_blank\">B\u0151vebben<\/a><\/div><\/div><\/div><\/div>\n<div class=\"col-md-6 col-sm-6 col-xs-12 pt-cv-content-item pt-cv-1-col\" ><div class='pt-cv-ifield'><h4 class=\"pt-cv-title\"><a href=\"https:\/\/tisztasor.com\/index.php\/2017\/09\/17\/a-porno-miatt-nem-tudok-tobbe-a-lanyok-szemebe-nezni-mit-tegyek\/\" class=\"_blank\" target=\"_blank\" >A porn\u00f3 miatt nem tudok t\u00f6bb\u00e9 a l\u00e1nyok szem\u00e9be n\u00e9zni. Mit tegyek?<\/a><\/h4>\n<div class=\"pt-cv-content\">A porn\u00f3 miatt nem tudok t\u00f6bb\u00e9 a l\u00e1nyok szem\u00e9be n\u00e9zni. Mit tegyek? Jelenleg m\u00e1sod\u00e9ves vagyok k\u00f6z\u00e9piskol\u00e1ban, \u00e9s 8 \u00e9ves korom \u00f3ta n\u00e9zek rendszeresen porn\u00f3t. A sz\u00fcleim el\u00e9g \u00fcgyesek voltak, \u00e9s ...<br \/><div class=\"pt-cv-rmwrap\"><a href=\"https:\/\/tisztasor.com\/index.php\/2017\/09\/17\/a-porno-miatt-nem-tudok-tobbe-a-lanyok-szemebe-nezni-mit-tegyek\/\" class=\"_blank pt-cv-readmore btn btn-success\" target=\"_blank\">B\u0151vebben<\/a><\/div><\/div><\/div><\/div>\n<div class=\"col-md-6 col-sm-6 col-xs-12 pt-cv-content-item pt-cv-1-col\" ><div class='pt-cv-ifield'><h4 class=\"pt-cv-title\"><a href=\"https:\/\/tisztasor.com\/index.php\/2017\/09\/17\/szolnom-kellene-a-szuleimnek-a-porno-fuggosegemrol\/\" class=\"_blank\" target=\"_blank\" >Sz\u00f3lnom kellene a sz\u00fcleimnek a porn\u00f3 f\u00fcgg\u0151s\u00e9gemr\u0151l?<\/a><\/h4>\n<div class=\"pt-cv-content\">Sz\u00f3lnom kellene sz\u00fcleimnek a f\u00fcgg\u0151s\u00e9gemr\u0151l? 16 \u00e9ves fi\u00fa vagyok, \u00e9s kb. 7 \u00e9ves korom \u00f3ta vagyok porn\u00f3f\u00fcgg\u0151. Gy\u0171l\u00f6l\u00f6m az eg\u00e9szet, \u00e9s szeretn\u00e9k megszabadulni t\u0151le. A sz\u00fcleim nem tudnak r\u00f3la, \u00e9s ...<br \/><div class=\"pt-cv-rmwrap\"><a href=\"https:\/\/tisztasor.com\/index.php\/2017\/09\/17\/szolnom-kellene-a-szuleimnek-a-porno-fuggosegemrol\/\" class=\"_blank pt-cv-readmore btn btn-success\" target=\"_blank\">B\u0151vebben<\/a><\/div><\/div><\/div><\/div>\n<div class=\"col-md-6 col-sm-6 col-xs-12 pt-cv-content-item pt-cv-1-col\" ><div class='pt-cv-ifield'><h4 class=\"pt-cv-title\"><a href=\"https:\/\/tisztasor.com\/index.php\/2017\/09\/17\/17-eves-lany-vagyok-es-a-pornot-a-ptsd-poszt-traumas-stressz-okozta-zavar-lekuzdesere-hasznalom-tudna-segiteni\/\" class=\"_blank\" target=\"_blank\" >17 \u00e9ves l\u00e1ny vagyok, \u00e9s a porn\u00f3t a PTSD (poszt traum\u00e1s stressz okozta zavar) lek\u00fczd\u00e9s\u00e9re haszn\u00e1lom. Tudna seg\u00edteni?<\/a><\/h4>\n<div class=\"pt-cv-content\">17 \u00e9ves l\u00e1ny vagyok, \u00e9s a porn\u00f3t a PTSD (poszt traum\u00e1s stressz okozta zavar) lek\u00fczd\u00e9s\u00e9re haszn\u00e1lom. Tudna seg\u00edteni? 17 \u00e9ves l\u00e1ny vagyok \u00e9s nemr\u00e9g kezdtem el lelkigondoz\u00e1sra j\u00e1rni. Volt az ...<br \/><div class=\"pt-cv-rmwrap\"><a href=\"https:\/\/tisztasor.com\/index.php\/2017\/09\/17\/17-eves-lany-vagyok-es-a-pornot-a-ptsd-poszt-traumas-stressz-okozta-zavar-lekuzdesere-hasznalom-tudna-segiteni\/\" class=\"_blank pt-cv-readmore btn btn-success\" target=\"_blank\">B\u0151vebben<\/a><\/div><\/div><\/div><\/div>\n<div class=\"col-md-6 col-sm-6 col-xs-12 pt-cv-content-item pt-cv-1-col\" ><div class='pt-cv-ifield'><h4 class=\"pt-cv-title\"><a href=\"https:\/\/tisztasor.com\/index.php\/2017\/09\/17\/hogyan-szabadulhatok-meg-a-pornokepek-emlekeitol\/\" class=\"_blank\" target=\"_blank\" >Hogyan szabadulhatok meg a porn\u00f3k\u00e9pek eml\u00e9keit\u0151l?<\/a><\/h4>\n<div class=\"pt-cv-content\">Hogyan szabadulhatok meg a porn\u00f3k\u00e9pek eml\u00e9keit\u0151l? Ma m\u00e1r 7 h\u00f3napja, hogy nem n\u00e9zek porn\u00f3t. 6 h\u00f3napja j\u00e1rok egy l\u00e1nnyal. Nincs m\u00e1r gondom a porn\u00f3val, azon k\u00edv\u00fcl, hogy a r\u00e9gi k\u00e9pek ...<br \/><div class=\"pt-cv-rmwrap\"><a href=\"https:\/\/tisztasor.com\/index.php\/2017\/09\/17\/hogyan-szabadulhatok-meg-a-pornokepek-emlekeitol\/\" class=\"_blank pt-cv-readmore btn btn-success\" target=\"_blank\">B\u0151vebben<\/a><\/div><\/div><\/div><\/div>\n<div class=\"col-md-6 col-sm-6 col-xs-12 pt-cv-content-item pt-cv-1-col\" ><div class='pt-cv-ifield'><h4 class=\"pt-cv-title\"><a href=\"https:\/\/tisztasor.com\/index.php\/2017\/09\/17\/ujra-elestem-tudna-segiteni\/\" class=\"_blank\" target=\"_blank\" >\u00dajra elestem! Tudna seg\u00edteni?<\/a><\/h4>\n<div class=\"pt-cv-content\">\u00dagy t\u0171nik, teljesen tehetetlen vagyok a porn\u00f3 k\u00f6vetkezm\u00e9nyeivel szemben. \u00dagy v\u00e1gyom r\u00e1, mint a k\u00f6vetkez\u0151 l\u00e9legzetemre. Mindenf\u00e9le kifog\u00e1sokkal igazolom, hogy n\u00e9zhessem, de amikor v\u00e9ge az eg\u00e9sznek, undorodok \u00f6nmagamt\u00f3l, hogy bed\u0151ltem ...<br \/><div class=\"pt-cv-rmwrap\"><a href=\"https:\/\/tisztasor.com\/index.php\/2017\/09\/17\/ujra-elestem-tudna-segiteni\/\" class=\"_blank pt-cv-readmore btn btn-success\" target=\"_blank\">B\u0151vebben<\/a><\/div><\/div><\/div><\/div>\n<div class=\"col-md-6 col-sm-6 col-xs-12 pt-cv-content-item pt-cv-1-col\" ><div class='pt-cv-ifield'><h4 class=\"pt-cv-title\"><a href=\"https:\/\/tisztasor.com\/index.php\/2017\/09\/17\/mindent-megprobaltam-nem-birom-tovabb-mit-csinalok-rosszul\/\" class=\"_blank\" target=\"_blank\" >Mindent megpr\u00f3b\u00e1ltam. Nem b\u00edrom tov\u00e1bb! Mit csin\u00e1lok rosszul?<\/a><\/h4>\n<div class=\"pt-cv-content\">6 \u00e9ves korom \u00f3ta k\u00fczd\u00f6k az \u00f6nkiel\u00e9g\u00edt\u00e9ssel. A k\u00f6z\u00e9piskol\u00e1ban kezdtem el porn\u00f3t n\u00e9zni. Most huszonegy \u00e9ves vagyok. Az elm\u00falt h\u00e1rom \u00e9vben elmondtam m\u00e1r ezt lelkivezet\u0151mnek, voltam tan\u00e1csad\u00e1son is, \u00e9s m\u00e9g ...<br \/><div class=\"pt-cv-rmwrap\"><a href=\"https:\/\/tisztasor.com\/index.php\/2017\/09\/17\/mindent-megprobaltam-nem-birom-tovabb-mit-csinalok-rosszul\/\" class=\"_blank pt-cv-readmore btn btn-success\" target=\"_blank\">B\u0151vebben<\/a><\/div><\/div><\/div><\/div>\n<div class=\"col-md-6 col-sm-6 col-xs-12 pt-cv-content-item pt-cv-1-col\" ><div class='pt-cv-ifield'><h4 class=\"pt-cv-title\"><a href=\"https:\/\/tisztasor.com\/index.php\/2017\/09\/17\/mehetek-e-papnak-ha-kuzdelmeim-vannak-a-porno-nezessel\/\" class=\"_blank\" target=\"_blank\" >Mehetek-e papnak, ha k\u00fczdelmeim vannak a porn\u00f3 n\u00e9z\u00e9ssel?<\/a><\/h4>\n<div class=\"pt-cv-content\">15 \u00e9ves vagyok \u00e9s szeretn\u00e9k k\u00e9s\u0151bb pap lenni. Tudom, hogy m\u00e9g t\u00fal fiatal vagyok ahhoz, hogy ezt eld\u00f6ntsem, vagy hogy meg tudjam k\u00fcl\u00f6nb\u00f6ztetni, val\u00f3ban Isten h\u00edv-e, de most komolyan \u00fagy ...<br \/><div class=\"pt-cv-rmwrap\"><a href=\"https:\/\/tisztasor.com\/index.php\/2017\/09\/17\/mehetek-e-papnak-ha-kuzdelmeim-vannak-a-porno-nezessel\/\" class=\"_blank pt-cv-readmore btn btn-success\" target=\"_blank\">B\u0151vebben<\/a><\/div><\/div><\/div><\/div><\/div><\/div><\/div><\/p>\n<h3>M\u00e1sf\u00e9le seg\u00edts\u00e9gre is sz\u00fcks\u00e9ged lenne? N\u00e9zz k\u00f6r\u00fcl itt.<\/h3>\n<p><a href=\"http:\/\/bizdramagad.hu\"><img loading=\"lazy\" decoding=\"async\" class=\"alignnone wp-image-6585 size-full\" src=\"https:\/\/tisztasor.com\/wp-content\/uploads\/2021\/02\/BRM_banner_920x110_01.jpg\" alt=\"\" width=\"920\" height=\"110\" srcset=\"https:\/\/tisztasor.com\/wp-content\/uploads\/2021\/02\/BRM_banner_920x110_01.jpg 920w, https:\/\/tisztasor.com\/wp-content\/uploads\/2021\/02\/BRM_banner_920x110_01-300x36.jpg 300w, https:\/\/tisztasor.com\/wp-content\/uploads\/2021\/02\/BRM_banner_920x110_01-768x92.jpg 768w, https:\/\/tisztasor.com\/wp-content\/uploads\/2021\/02\/BRM_banner_920x110_01-830x99.jpg 830w, https:\/\/tisztasor.com\/wp-content\/uploads\/2021\/02\/BRM_banner_920x110_01-230x28.jpg 230w, https:\/\/tisztasor.com\/wp-content\/uploads\/2021\/02\/BRM_banner_920x110_01-350x42.jpg 350w, https:\/\/tisztasor.com\/wp-content\/uploads\/2021\/02\/BRM_banner_920x110_01-480x57.jpg 480w\" sizes=\"(max-width: 920px) 100vw, 920px\" \/><\/a><\/p>\n<p>&nbsp;<\/p>\n<\/div><\/div><\/div><\/div><\/div><\/div><\/div>","protected":false},"excerpt":{"rendered":"<p>azaz GYakran Ism\u00e9telt K\u00e9rd\u00e9sek<\/p>\n","protected":false},"author":1,"featured_media":0,"parent":0,"menu_order":0,"comment_status":"closed","ping_status":"closed","template":"page-templates\/page_fullwidth.php","meta":{"footnotes":""},"_links":{"self":[{"href":"https:\/\/tisztasor.com\/index.php\/wp-json\/wp\/v2\/pages\/418"}],"collection":[{"href":"https:\/\/tisztasor.com\/index.php\/wp-json\/wp\/v2\/pages"}],"about":[{"href":"https:\/\/tisztasor.com\/index.php\/wp-json\/wp\/v2\/types\/page"}],"author":[{"embeddable":true,"href":"https:\/\/tisztasor.com\/index.php\/wp-json\/wp\/v2\/users\/1"}],"replies":[{"embeddable":true,"href":"https:\/\/tisztasor.com\/index.php\/wp-json\/wp\/v2\/comments?post=418"}],"version-history":[{"count":20,"href":"https:\/\/tisztasor.com\/index.php\/wp-json\/wp\/v2\/pages\/418\/revisions"}],"predecessor-version":[{"id":6943,"href":"https:\/\/tisztasor.com\/index.php\/wp-json\/wp\/v2\/pages\/418\/revisions\/6943"}],"wp:attachment":[{"href":"https:\/\/tisztasor.com\/index.php\/wp-json\/wp\/v2\/media?parent=418"}],"curies":[{"name":"wp","href":"https:\/\/api.w.org\/{rel}","templated":true}]}}